{"id":11,"date":"2021-01-13T20:08:51","date_gmt":"2021-01-13T23:08:51","guid":{"rendered":"http:\/\/casla.org\/cepial\/?page_id=11"},"modified":"2021-01-13T20:08:51","modified_gmt":"2021-01-13T23:08:51","slug":"historico-do-evento","status":"publish","type":"page","link":"https:\/\/portal.casla.org\/cepial\/historico-do-evento\/","title":{"rendered":"Hist\u00f3rico do Evento"},"content":{"rendered":"<p>Desde 1992, quando da realiza\u00e7\u00e3o do primeiro CEPIAL no Munic\u00edpio paranaense de Marechal C\u00e2ndido Rondon, os Congressos de Cultura e Educa\u00e7\u00e3o para a Integra\u00e7\u00e3o da Am\u00e9rica Latina promovidos pela Casa Latinoamericana (CASLA) e os parceiros da Rede Internacional CASLA-CEPIAL (<a href=\"http:\/\/redecaslacepial.blogspot.com\/\">redecaslacepial.blogspot.com.br<\/a>) t\u00eam criado espa\u00e7os de debate e produ\u00e7\u00e3o de ideias sobre os diversos problemas de ordem social, cultural, educacional e ambiental que assolam as regi\u00f5es latino-americanas.<\/p>\n<p>De l\u00e1 para c\u00e1, a CASLA e a sua Rede promoveram congressos de car\u00e1ter internacional no Brasil (II CEPIAL na Cidade de Maring\u00e1, III CEPIAL na cidade de Curitiba) e em outros pa\u00edses (IV CEPIAL na regi\u00e3o dos Lagos-Chile e o V CEPIAL, na cidade San Juan de Pasto, em Nari\u00f1o, Col\u00f4mbia). Em 2019, estabeleceram-se acordos com as Universidades UFSM (Universidade Federal de Santa Maria) e UNIJUI (Universidade Regional do Noroeste do Estado de Rio Grande do Sul) para a realiza\u00e7\u00e3o do VI CEPIAL em junho de 2020. N\u00e3o obstante, por conta da pandemia provocada pelo COVID19, a comiss\u00e3o organizadora decidiu dar continuidade aos Congressos adaptando- os \u00e0 modalidade de WebConfer\u00eancia, para novembro de 2021. Para maiores detalhes sobre os eventos e parcerias da CASLA, sugere-se consultar o site www.casla.org .<\/p>\n","protected":false},"excerpt":{"rendered":"<p>Desde 1992, quando da realiza\u00e7\u00e3o do primeiro CEPIAL no Munic\u00edpio paranaense de Marechal C\u00e2ndido Rondon, os Congressos de Cultura e Educa\u00e7\u00e3o para a Integra\u00e7\u00e3o da Am\u00e9rica Latina promovidos pela Casa Latinoamericana (CASLA) e os parceiros da Rede Internacional CASLA-CEPIAL (redecaslacepial.blogspot.com.br)&hellip; <\/p>\n","protected":false},"author":1,"featured_media":0,"parent":0,"menu_order":0,"comment_status":"closed","ping_status":"closed","template":"","meta":{"footnotes":""},"class_list":["post-11","page","type-page","status-publish","hentry"],"_links":{"self":[{"href":"https:\/\/portal.casla.org\/cepial\/wp-json\/wp\/v2\/pages\/11","targetHints":{"allow":["GET"]}}],"collection":[{"href":"https:\/\/portal.casla.org\/cepial\/wp-json\/wp\/v2\/pages"}],"about":[{"href":"https:\/\/portal.casla.org\/cepial\/wp-json\/wp\/v2\/types\/page"}],"author":[{"embeddable":true,"href":"https:\/\/portal.casla.org\/cepial\/wp-json\/wp\/v2\/users\/1"}],"replies":[{"embeddable":true,"href":"https:\/\/portal.casla.org\/cepial\/wp-json\/wp\/v2\/comments?post=11"}],"version-history":[{"count":1,"href":"https:\/\/portal.casla.org\/cepial\/wp-json\/wp\/v2\/pages\/11\/revisions"}],"predecessor-version":[{"id":12,"href":"https:\/\/portal.casla.org\/cepial\/wp-json\/wp\/v2\/pages\/11\/revisions\/12"}],"wp:attachment":[{"href":"https:\/\/portal.casla.org\/cepial\/wp-json\/wp\/v2\/media?parent=11"}],"curies":[{"name":"wp","href":"https:\/\/api.w.org\/{rel}","templated":true}]}}