{"id":13,"date":"2021-01-13T20:09:30","date_gmt":"2021-01-13T23:09:30","guid":{"rendered":"http:\/\/casla.org\/cepial\/?page_id=13"},"modified":"2021-06-28T19:55:55","modified_gmt":"2021-06-28T22:55:55","slug":"eixos-tematicos-do-evento","status":"publish","type":"page","link":"https:\/\/portal.casla.org\/cepial\/eixos-tematicos-do-evento\/","title":{"rendered":"Eixos Tem\u00e1ticos do Evento"},"content":{"rendered":"<p><strong>Eixos tem\u00e1ticos\u00a0do Evento:<\/strong><\/p>\n<ul>\n<li style=\"text-align: left;\">Eixo I. Direitos Humanos, da Natureza e do Bem Viver<\/li>\n<li style=\"text-align: left;\">Eixo Ii. Interculturalidade , Educa\u00e7\u00e3o e Bem Viver<\/li>\n<li style=\"text-align: left;\">Eixo Iii. Universidade e Comunidade na Am\u00e9rica Latina: experi\u00eancias e desafios para o Desenvolvimento Local<\/li>\n<li style=\"text-align: left;\">Eixo Iv. Governan\u00e7a, Democracia e Autonomias Locais<\/li>\n<\/ul>\n<p><strong>Coordena\u00e7\u00e3o Acad\u00eamica<\/strong><\/p>\n<p>Dimas Floriani<\/p>\n<p>Nicolas Floriani<\/p>\n<p>&nbsp;<\/p>\n<p><strong>Corpo Editorial:<\/strong><\/p>\n<p>Yanina Micaela Sammarco<\/p>\n<p>Marcos Sorrentino<\/p>\n<p>Lucia Helena de Olivera Cunha<\/p>\n<p>Edson Belo Clemente de Souza<\/p>\n<p>Selma Baptista<\/p>\n<p>Manuel Flores Lesama<\/p>\n<p>Jefferson Henrique Cidreira<\/p>\n<p>Daniel Belik<\/p>\n<p>Adriana Francisca de Medeiros<\/p>\n<p>Geraldo Milioli<\/p>\n<p>Francisco Ther R\u00edos<\/p>\n<p>Ricardo Alvarez Abel<\/p>\n<p>Almir Nabozny<\/p>\n<p>Larissa Zuim Matar\u00e9sio<\/p>\n<p>Gustavo Concei\u00e7\u00e3o Barh<\/p>\n<p>Daniel Rubens Cenci<\/p>\n<p>Lorenzo Andrade Delgado<\/p>\n<p>Elisangela Ferreira Menezes<\/p>\n<p>Zulia Guimar\u00e3es Cova dos Santos<\/p>\n<p>Felipe Bueno Amaral<\/p>\n<p>Maximillian Ferreira Clarindo<\/p>\n<p>Jo\u00e3o Dremisky<\/p>\n<p>Ariadne Silvia De Farias<\/p>\n<p>Celbo Antonio da Fonseca Rosas<\/p>\n<p>Enrique Coraza de los Santos<\/p>\n<p>Reidy Rolim de Moura<\/p>\n<p>Nicolas Floriani<\/p>\n<p>Hellen Virginia da Silva Alves<\/p>\n<p>Lisanil da Concei\u00e7\u00e3o Patroc\u00ednio Pereira<\/p>\n<p>Taut\u00ea Frederico Oliveira<\/p>\n<p>Sandra Dalila Corbari<\/p>\n<p>Alfio Brandenburg<\/p>\n<p>Cleusi T. Bobato Stadler<\/p>\n<p>Suzanna Dourado da Silva<\/p>\n<p>Margarida Nepomuceno<\/p>\n<p>Telma Regina Stroparo<\/p>\n<p>Rosilene Lima Martins<\/p>\n<p>Joaquim Shiraishi Neto<\/p>\n<p>Luis Alegr\u00eda<\/p>\n<p>Islandia Bezerra<\/p>\n","protected":false},"excerpt":{"rendered":"<p>Eixos tem\u00e1ticos\u00a0do Evento: Eixo I. Direitos Humanos, da Natureza e do Bem Viver Eixo Ii. Interculturalidade , Educa\u00e7\u00e3o e Bem Viver Eixo Iii. Universidade e Comunidade na Am\u00e9rica Latina: experi\u00eancias e desafios para o Desenvolvimento Local Eixo Iv. Governan\u00e7a, Democracia&hellip; <\/p>\n","protected":false},"author":1,"featured_media":0,"parent":0,"menu_order":0,"comment_status":"closed","ping_status":"closed","template":"","meta":{"footnotes":""},"class_list":["post-13","page","type-page","status-publish","hentry"],"_links":{"self":[{"href":"https:\/\/portal.casla.org\/cepial\/wp-json\/wp\/v2\/pages\/13","targetHints":{"allow":["GET"]}}],"collection":[{"href":"https:\/\/portal.casla.org\/cepial\/wp-json\/wp\/v2\/pages"}],"about":[{"href":"https:\/\/portal.casla.org\/cepial\/wp-json\/wp\/v2\/types\/page"}],"author":[{"embeddable":true,"href":"https:\/\/portal.casla.org\/cepial\/wp-json\/wp\/v2\/users\/1"}],"replies":[{"embeddable":true,"href":"https:\/\/portal.casla.org\/cepial\/wp-json\/wp\/v2\/comments?post=13"}],"version-history":[{"count":7,"href":"https:\/\/portal.casla.org\/cepial\/wp-json\/wp\/v2\/pages\/13\/revisions"}],"predecessor-version":[{"id":941,"href":"https:\/\/portal.casla.org\/cepial\/wp-json\/wp\/v2\/pages\/13\/revisions\/941"}],"wp:attachment":[{"href":"https:\/\/portal.casla.org\/cepial\/wp-json\/wp\/v2\/media?parent=13"}],"curies":[{"name":"wp","href":"https:\/\/api.w.org\/{rel}","templated":true}]}}