{"id":15,"date":"2021-01-13T20:09:56","date_gmt":"2021-01-13T23:09:56","guid":{"rendered":"http:\/\/casla.org\/cepial\/?page_id=15"},"modified":"2021-10-22T11:20:08","modified_gmt":"2021-10-22T14:20:08","slug":"publico-alvo","status":"publish","type":"page","link":"https:\/\/portal.casla.org\/cepial\/publico-alvo\/","title":{"rendered":"P\u00fablico-alvo"},"content":{"rendered":"\t\t<div data-elementor-type=\"wp-page\" data-elementor-id=\"15\" class=\"elementor elementor-15\" data-elementor-post-type=\"page\">\n\t\t\t\t\t\t<section class=\"elementor-section elementor-top-section elementor-element elementor-element-4b179a3e elementor-section-boxed elementor-section-height-default elementor-section-height-default\" data-id=\"4b179a3e\" data-element_type=\"section\">\n\t\t\t\t\t\t<div class=\"elementor-container elementor-column-gap-default\">\n\t\t\t\t\t<div class=\"elementor-column elementor-col-100 elementor-top-column elementor-element elementor-element-3f5b8636\" data-id=\"3f5b8636\" data-element_type=\"column\">\n\t\t\t<div class=\"elementor-widget-wrap elementor-element-populated\">\n\t\t\t\t\t\t<div class=\"elementor-element elementor-element-2146497b elementor-widget elementor-widget-text-editor\" data-id=\"2146497b\" data-element_type=\"widget\" data-widget_type=\"text-editor.default\">\n\t\t\t\t<div class=\"elementor-widget-container\">\n\t\t\t\t\t\t\t\t\tOs espa\u00e7os virtuais de exposi\u00e7\u00e3o e debate ser\u00e3o compostos por: 1. organiza\u00e7\u00f5es sociais-comunit\u00e1rias ( agentes comunit\u00e1rios, movimentos sociais, associa\u00e7\u00f5es de classe, entre outros), 2. Institui\u00e7\u00f5es de Ensino Superior (pesquisadores, docente e discentes de gradua\u00e7\u00e3o e p\u00f3s-gradua\u00e7\u00e3o), 3. agentes p\u00fablicos (prefeituras, secretarias de governos, conselhos estaduais e municipais), 4. Rede Estadual e Municipal de Educa\u00e7\u00e3o (docentes e discentes das redes).\t\t\t\t\t\t\t\t<\/div>\n\t\t\t\t<\/div>\n\t\t\t\t\t<\/div>\n\t\t<\/div>\n\t\t\t\t\t<\/div>\n\t\t<\/section>\n\t\t\t\t<section class=\"elementor-section elementor-top-section elementor-element elementor-element-21771d9 elementor-section-boxed elementor-section-height-default elementor-section-height-default\" data-id=\"21771d9\" data-element_type=\"section\">\n\t\t\t\t\t\t<div class=\"elementor-container elementor-column-gap-default\">\n\t\t\t\t\t<div class=\"elementor-column elementor-col-100 elementor-top-column elementor-element elementor-element-7f8826b\" data-id=\"7f8826b\" data-element_type=\"column\">\n\t\t\t<div class=\"elementor-widget-wrap elementor-element-populated\">\n\t\t\t\t\t\t<div class=\"elementor-element elementor-element-6dac9ba elementor-widget elementor-widget-image\" data-id=\"6dac9ba\" data-element_type=\"widget\" data-widget_type=\"image.default\">\n\t\t\t\t<div class=\"elementor-widget-container\">\n\t\t\t\t\t\t\t\t\t\t\t\t\t\t\t\t<a href=\"https:\/\/inscricao.casla.org\/index.php\/auth\/cadastro\/1\">\n\t\t\t\t\t\t\t<img fetchpriority=\"high\" decoding=\"async\" width=\"1004\" height=\"890\" src=\"https:\/\/portal.casla.org\/cepial\/wp-content\/uploads\/2021\/10\/MESAS_CEPIAL_v2.jpg\" class=\"attachment-full size-full wp-image-1211\" alt=\"\" srcset=\"https:\/\/portal.casla.org\/cepial\/wp-content\/uploads\/2021\/10\/MESAS_CEPIAL_v2.jpg 1004w, https:\/\/portal.casla.org\/cepial\/wp-content\/uploads\/2021\/10\/MESAS_CEPIAL_v2-300x266.jpg 300w, https:\/\/portal.casla.org\/cepial\/wp-content\/uploads\/2021\/10\/MESAS_CEPIAL_v2-768x681.jpg 768w\" sizes=\"(max-width: 1004px) 100vw, 1004px\" \/>\t\t\t\t\t\t\t\t<\/a>\n\t\t\t\t\t\t\t\t\t\t\t\t\t\t\t<\/div>\n\t\t\t\t<\/div>\n\t\t\t\t\t<\/div>\n\t\t<\/div>\n\t\t\t\t\t<\/div>\n\t\t<\/section>\n\t\t\t\t<\/div>\n\t\t","protected":false},"excerpt":{"rendered":"<p>Os espa\u00e7os virtuais de exposi\u00e7\u00e3o e debate ser\u00e3o compostos por: 1. organiza\u00e7\u00f5es sociais-comunit\u00e1rias ( agentes comunit\u00e1rios, movimentos sociais, associa\u00e7\u00f5es de classe, entre outros), 2. Institui\u00e7\u00f5es de Ensino Superior (pesquisadores, docente e discentes de gradua\u00e7\u00e3o e p\u00f3s-gradua\u00e7\u00e3o), 3. agentes p\u00fablicos (prefeituras,&hellip; <\/p>\n","protected":false},"author":1,"featured_media":0,"parent":0,"menu_order":0,"comment_status":"closed","ping_status":"closed","template":"","meta":{"footnotes":""},"class_list":["post-15","page","type-page","status-publish","hentry"],"_links":{"self":[{"href":"https:\/\/portal.casla.org\/cepial\/wp-json\/wp\/v2\/pages\/15","targetHints":{"allow":["GET"]}}],"collection":[{"href":"https:\/\/portal.casla.org\/cepial\/wp-json\/wp\/v2\/pages"}],"about":[{"href":"https:\/\/portal.casla.org\/cepial\/wp-json\/wp\/v2\/types\/page"}],"author":[{"embeddable":true,"href":"https:\/\/portal.casla.org\/cepial\/wp-json\/wp\/v2\/users\/1"}],"replies":[{"embeddable":true,"href":"https:\/\/portal.casla.org\/cepial\/wp-json\/wp\/v2\/comments?post=15"}],"version-history":[{"count":17,"href":"https:\/\/portal.casla.org\/cepial\/wp-json\/wp\/v2\/pages\/15\/revisions"}],"predecessor-version":[{"id":1214,"href":"https:\/\/portal.casla.org\/cepial\/wp-json\/wp\/v2\/pages\/15\/revisions\/1214"}],"wp:attachment":[{"href":"https:\/\/portal.casla.org\/cepial\/wp-json\/wp\/v2\/media?parent=15"}],"curies":[{"name":"wp","href":"https:\/\/api.w.org\/{rel}","templated":true}]}}