{"id":18,"date":"2021-01-13T20:11:09","date_gmt":"2021-01-13T23:11:09","guid":{"rendered":"http:\/\/casla.org\/cepial\/?page_id=18"},"modified":"2021-01-13T20:11:09","modified_gmt":"2021-01-13T23:11:09","slug":"modalidades-de-participacao","status":"publish","type":"page","link":"https:\/\/portal.casla.org\/cepial\/modalidades-de-participacao\/","title":{"rendered":"Modalidades de Participa\u00e7\u00e3o"},"content":{"rendered":"<p><strong>A. OUVINTE<\/strong><\/p>\n<p>O VI CEPIAL promover\u00e1 mesas-redondas virtuais onde se debater\u00e3o os temas propostos. O(A) participante inscrito(a) poder\u00e1 participar do evento na qualidade de Ouvinte.<\/p>\n<p><strong>B. APRESENTADOR(A) DE TRABALHO<\/strong><\/p>\n<p>O VI CEPIAL promover\u00e1 espa\u00e7os de apresenta\u00e7\u00e3o e discuss\u00e3o de trabalhos acad\u00eamicos (pesquisa e extens\u00e3o) e outras modalidades (experi\u00eancias locais, projetos independentes, comunit\u00e1rias e outros) produzidos em conformidade aos eixos tem\u00e1ticos do Congresso. Para tanto, a comiss\u00e3o cient\u00edfica avaliar\u00e1 os trabalhos submetidos e organizar\u00e1 os espa\u00e7os virtuais de apresenta\u00e7\u00e3o dos trabalhos aprovados durante os dias de evento.<\/p>\n<p><strong>C. OFICINAS (MINICURSOS)<\/strong><\/p>\n<p>O VI CEPIAL promover\u00e1 OFICINAS virtuais onde ser\u00e3o apresentadas experi\u00eancias os temas propostos. O(A) participante inscrito(a) poder\u00e1 participar do evento na qualidade de Ouvinte.<\/p>\n<p><strong>D. APRESENTA\u00c7\u00d5ES ART\u00cdSTICAS<\/strong><\/p>\n<p>O VI CEPIAL promover\u00e1 espa\u00e7os de apresenta\u00e7\u00e3o e discuss\u00e3o de trabalhos acad\u00eamicos (pesquisa e extens\u00e3o) e outras modalidades (experi\u00eancias locais, projetos independentes, comunit\u00e1rias e outros) produzidos em conformidade aos eixos tem\u00e1ticos do Congresso. Para tanto, a comiss\u00e3o cient\u00edfica avaliar\u00e1 os trabalhos submetidos e organizar\u00e1 os espa\u00e7os virtuais de apresenta\u00e7\u00e3o dos trabalhos aprovados durante os dias de evento.<\/p>\n","protected":false},"excerpt":{"rendered":"<p>A. OUVINTE O VI CEPIAL promover\u00e1 mesas-redondas virtuais onde se debater\u00e3o os temas propostos. O(A) participante inscrito(a) poder\u00e1 participar do evento na qualidade de Ouvinte. B. APRESENTADOR(A) DE TRABALHO O VI CEPIAL promover\u00e1 espa\u00e7os de apresenta\u00e7\u00e3o e discuss\u00e3o de trabalhos&hellip; <\/p>\n","protected":false},"author":1,"featured_media":0,"parent":0,"menu_order":0,"comment_status":"closed","ping_status":"closed","template":"","meta":{"footnotes":""},"class_list":["post-18","page","type-page","status-publish","hentry"],"_links":{"self":[{"href":"https:\/\/portal.casla.org\/cepial\/wp-json\/wp\/v2\/pages\/18","targetHints":{"allow":["GET"]}}],"collection":[{"href":"https:\/\/portal.casla.org\/cepial\/wp-json\/wp\/v2\/pages"}],"about":[{"href":"https:\/\/portal.casla.org\/cepial\/wp-json\/wp\/v2\/types\/page"}],"author":[{"embeddable":true,"href":"https:\/\/portal.casla.org\/cepial\/wp-json\/wp\/v2\/users\/1"}],"replies":[{"embeddable":true,"href":"https:\/\/portal.casla.org\/cepial\/wp-json\/wp\/v2\/comments?post=18"}],"version-history":[{"count":1,"href":"https:\/\/portal.casla.org\/cepial\/wp-json\/wp\/v2\/pages\/18\/revisions"}],"predecessor-version":[{"id":19,"href":"https:\/\/portal.casla.org\/cepial\/wp-json\/wp\/v2\/pages\/18\/revisions\/19"}],"wp:attachment":[{"href":"https:\/\/portal.casla.org\/cepial\/wp-json\/wp\/v2\/media?parent=18"}],"curies":[{"name":"wp","href":"https:\/\/api.w.org\/{rel}","templated":true}]}}