{"id":20,"date":"2021-01-13T20:12:31","date_gmt":"2021-01-13T23:12:31","guid":{"rendered":"http:\/\/casla.org\/cepial\/?page_id=20"},"modified":"2021-10-22T11:25:59","modified_gmt":"2021-10-22T14:25:59","slug":"prazos-e-datas-importantes","status":"publish","type":"page","link":"https:\/\/portal.casla.org\/cepial\/prazos-e-datas-importantes\/","title":{"rendered":"Prazos e Datas Importantes"},"content":{"rendered":"<ol>\n<li><strong>Envio da Proposta de Mesa<\/strong><\/li>\n<\/ol>\n<p>At\u00e9 25\/03\/2021.<br \/>\nEstrutura: T\u00edtulo, Resumo<br \/>\nPalestrantes (m\u00e1x 04)<br \/>\nCoordenador(a) (01)<br \/>\nDura\u00e7\u00e3o: 02 horas<\/p>\n<ul>\n<li><strong>Envio da Proposta de Oficina<\/strong><\/li>\n<\/ul>\n<p>At\u00e9 01\/11\/2021.<br \/>\nEstrutura: T\u00edtulo, Resumo<br \/>\nPalestrantes (m\u00e1x 04)<br \/>\nCoordenador(a) (01)<br \/>\nDura\u00e7\u00e3o: 02 horas<\/p>\n<ul>\n<li><strong>Prazo para Inscri\u00e7\u00f5es de Trabalhos (escritos e suas respectivas apresenta\u00e7\u00f5es gravadas) no evento:<\/strong><\/li>\n<\/ul>\n<p>De 03 de maio a 11 novembro \u00a0de 2021.<\/p>\n<ul>\n<li><strong>Modalidades de Inscri\u00e7\u00f5es*<\/strong><\/li>\n<\/ul>\n<p><img fetchpriority=\"high\" decoding=\"async\" class=\"alignnone wp-image-1057 size-full\" src=\"http:\/\/casla.org\/cepial\/wp-content\/uploads\/2021\/10\/valores_Cepial.jpeg\" alt=\"\" width=\"540\" height=\"323\" srcset=\"https:\/\/portal.casla.org\/cepial\/wp-content\/uploads\/2021\/10\/valores_Cepial.jpeg 540w, https:\/\/portal.casla.org\/cepial\/wp-content\/uploads\/2021\/10\/valores_Cepial-300x179.jpeg 300w\" sizes=\"(max-width: 540px) 100vw, 540px\" \/><\/p>\n<p><em>*estes valores ser\u00e3o atualizados ap\u00f3s o dia 01 de novembro, para submiss\u00f5es de Trabalhos.<\/em><\/p>\n","protected":false},"excerpt":{"rendered":"<p>Envio da Proposta de Mesa At\u00e9 25\/03\/2021. Estrutura: T\u00edtulo, Resumo Palestrantes (m\u00e1x 04) Coordenador(a) (01) Dura\u00e7\u00e3o: 02 horas Envio da Proposta de Oficina At\u00e9 01\/11\/2021. Estrutura: T\u00edtulo, Resumo Palestrantes (m\u00e1x 04) Coordenador(a) (01) Dura\u00e7\u00e3o: 02 horas Prazo para Inscri\u00e7\u00f5es de&hellip; <\/p>\n","protected":false},"author":1,"featured_media":0,"parent":0,"menu_order":0,"comment_status":"closed","ping_status":"closed","template":"","meta":{"footnotes":""},"class_list":["post-20","page","type-page","status-publish","hentry"],"_links":{"self":[{"href":"https:\/\/portal.casla.org\/cepial\/wp-json\/wp\/v2\/pages\/20","targetHints":{"allow":["GET"]}}],"collection":[{"href":"https:\/\/portal.casla.org\/cepial\/wp-json\/wp\/v2\/pages"}],"about":[{"href":"https:\/\/portal.casla.org\/cepial\/wp-json\/wp\/v2\/types\/page"}],"author":[{"embeddable":true,"href":"https:\/\/portal.casla.org\/cepial\/wp-json\/wp\/v2\/users\/1"}],"replies":[{"embeddable":true,"href":"https:\/\/portal.casla.org\/cepial\/wp-json\/wp\/v2\/comments?post=20"}],"version-history":[{"count":11,"href":"https:\/\/portal.casla.org\/cepial\/wp-json\/wp\/v2\/pages\/20\/revisions"}],"predecessor-version":[{"id":1216,"href":"https:\/\/portal.casla.org\/cepial\/wp-json\/wp\/v2\/pages\/20\/revisions\/1216"}],"wp:attachment":[{"href":"https:\/\/portal.casla.org\/cepial\/wp-json\/wp\/v2\/media?parent=20"}],"curies":[{"name":"wp","href":"https:\/\/api.w.org\/{rel}","templated":true}]}}