{"id":45,"date":"2021-01-14T05:19:47","date_gmt":"2021-01-14T08:19:47","guid":{"rendered":"http:\/\/casla.org\/cepial\/?page_id=45"},"modified":"2021-02-15T17:34:42","modified_gmt":"2021-02-15T20:34:42","slug":"mesas-redondas","status":"publish","type":"page","link":"https:\/\/portal.casla.org\/cepial\/mesas-redondas\/","title":{"rendered":"Mesas-redondas"},"content":{"rendered":"<p>Os grupos interessados em enviar mesas-redondas dever\u00e3o utilizar esse espa\u00e7o.<\/p>\n<p><em>A Avalia\u00e7\u00e3o dos trabalhos ser\u00e1 feita pelo coordenador(a), que a vez ter\u00e1 liberdade de constituir uma pequena comiss\u00e3o de seu pr\u00f3prio grupo de trabalho acad\u00eamico (exclusivamente de p\u00f3s-gradua\u00e7\u00e3o).<\/em><\/p>\n<p><strong>Envio at\u00e9 25\/03\/2021.<\/strong><\/p>\n<blockquote><p>*Crit\u00e9rios para admiss\u00e3o do coordenador(a) de mesa:<br \/>\n1. Na \u00e1rea acad\u00eamica: possuir doutorado e ter v\u00ednculo institucional com Institui\u00e7\u00e3o de ensino superior nacional ou internacional.<br \/>\n2. Na \u00e1rea social: ter v\u00ednculo institucional com organiza\u00e7\u00e3o social nacional ou internacional<\/p><\/blockquote>\n<p class=\"wpcf7-contact-form-not-found\"><strong>Erro:<\/strong> Formul\u00e1rio de contato n\u00e3o encontrado.<\/p>\n<p>&nbsp;<\/p>\n","protected":false},"excerpt":{"rendered":"<p>Os grupos interessados em enviar mesas-redondas dever\u00e3o utilizar esse espa\u00e7o. A Avalia\u00e7\u00e3o dos trabalhos ser\u00e1 feita pelo coordenador(a), que a vez ter\u00e1 liberdade de constituir uma pequena comiss\u00e3o de seu pr\u00f3prio grupo de trabalho acad\u00eamico (exclusivamente de p\u00f3s-gradua\u00e7\u00e3o). Envio at\u00e9&hellip; <\/p>\n","protected":false},"author":1,"featured_media":0,"parent":0,"menu_order":0,"comment_status":"closed","ping_status":"closed","template":"","meta":{"footnotes":""},"class_list":["post-45","page","type-page","status-publish","hentry"],"_links":{"self":[{"href":"https:\/\/portal.casla.org\/cepial\/wp-json\/wp\/v2\/pages\/45","targetHints":{"allow":["GET"]}}],"collection":[{"href":"https:\/\/portal.casla.org\/cepial\/wp-json\/wp\/v2\/pages"}],"about":[{"href":"https:\/\/portal.casla.org\/cepial\/wp-json\/wp\/v2\/types\/page"}],"author":[{"embeddable":true,"href":"https:\/\/portal.casla.org\/cepial\/wp-json\/wp\/v2\/users\/1"}],"replies":[{"embeddable":true,"href":"https:\/\/portal.casla.org\/cepial\/wp-json\/wp\/v2\/comments?post=45"}],"version-history":[{"count":8,"href":"https:\/\/portal.casla.org\/cepial\/wp-json\/wp\/v2\/pages\/45\/revisions"}],"predecessor-version":[{"id":77,"href":"https:\/\/portal.casla.org\/cepial\/wp-json\/wp\/v2\/pages\/45\/revisions\/77"}],"wp:attachment":[{"href":"https:\/\/portal.casla.org\/cepial\/wp-json\/wp\/v2\/media?parent=45"}],"curies":[{"name":"wp","href":"https:\/\/api.w.org\/{rel}","templated":true}]}}