{"id":63,"date":"2021-01-20T17:19:23","date_gmt":"2021-01-20T20:19:23","guid":{"rendered":"https:\/\/portal.casla.org\/cepial\/?page_id=63"},"modified":"2021-05-04T16:00:45","modified_gmt":"2021-05-04T19:00:45","slug":"oficinas","status":"publish","type":"page","link":"https:\/\/portal.casla.org\/cepial\/oficinas\/","title":{"rendered":"Oficinas"},"content":{"rendered":"<p>Oficinas aprovadas<\/p>\n<p><a href=\"http:\/\/casla.org\/cepial\/wp-content\/uploads\/2021\/05\/LISTA_MESAS_OFICINAS_MAIO.pdf\" target=\"_blank\" rel=\"noopener\"><strong>LISTA DE OFICINAS\/TALLERES APROVADAS NO IV CEPIAL<\/strong><\/a><\/p>\n<p><strong><a href=\"http:\/\/casla.org\/cepial\/wp-content\/uploads\/2021\/05\/LISTA_MESAS_OFICINAS_VI_CEPIAL.numbers-Folha-4-2.pdf\" target=\"_blank\" rel=\"noopener\">OFICINAS: CULMIN\u00c2NCIA: ALIAN\u00c7A HIST\u00d3RICA DOS POVOS IND\u00cdGENAS, QUILOMBOLAS E COMUNIDADES TRADICIONAIS<\/a><\/strong><\/p>\n","protected":false},"excerpt":{"rendered":"<p>Oficinas aprovadas LISTA DE OFICINAS\/TALLERES APROVADAS NO IV CEPIAL OFICINAS: CULMIN\u00c2NCIA: ALIAN\u00c7A HIST\u00d3RICA DOS POVOS IND\u00cdGENAS, QUILOMBOLAS E COMUNIDADES TRADICIONAIS<\/p>\n","protected":false},"author":1,"featured_media":0,"parent":0,"menu_order":0,"comment_status":"closed","ping_status":"closed","template":"","meta":{"footnotes":""},"class_list":["post-63","page","type-page","status-publish","hentry"],"_links":{"self":[{"href":"https:\/\/portal.casla.org\/cepial\/wp-json\/wp\/v2\/pages\/63","targetHints":{"allow":["GET"]}}],"collection":[{"href":"https:\/\/portal.casla.org\/cepial\/wp-json\/wp\/v2\/pages"}],"about":[{"href":"https:\/\/portal.casla.org\/cepial\/wp-json\/wp\/v2\/types\/page"}],"author":[{"embeddable":true,"href":"https:\/\/portal.casla.org\/cepial\/wp-json\/wp\/v2\/users\/1"}],"replies":[{"embeddable":true,"href":"https:\/\/portal.casla.org\/cepial\/wp-json\/wp\/v2\/comments?post=63"}],"version-history":[{"count":4,"href":"https:\/\/portal.casla.org\/cepial\/wp-json\/wp\/v2\/pages\/63\/revisions"}],"predecessor-version":[{"id":307,"href":"https:\/\/portal.casla.org\/cepial\/wp-json\/wp\/v2\/pages\/63\/revisions\/307"}],"wp:attachment":[{"href":"https:\/\/portal.casla.org\/cepial\/wp-json\/wp\/v2\/media?parent=63"}],"curies":[{"name":"wp","href":"https:\/\/api.w.org\/{rel}","templated":true}]}}