{"id":841,"date":"2021-08-17T09:24:37","date_gmt":"2021-08-17T12:24:37","guid":{"rendered":"https:\/\/portal.casla.org\/cepial\/?page_id=841"},"modified":"2022-03-21T07:30:25","modified_gmt":"2022-03-21T10:30:25","slug":"anais","status":"publish","type":"page","link":"https:\/\/portal.casla.org\/cepial\/anais\/","title":{"rendered":"Edi\u00e7\u00f5es Anteriores"},"content":{"rendered":"\t\t<div data-elementor-type=\"wp-page\" data-elementor-id=\"841\" class=\"elementor elementor-841\" data-elementor-post-type=\"page\">\n\t\t\t\t\t\t<section class=\"elementor-section elementor-top-section elementor-element elementor-element-8448f0e elementor-section-boxed elementor-section-height-default elementor-section-height-default\" data-id=\"8448f0e\" data-element_type=\"section\">\n\t\t\t\t\t\t<div class=\"elementor-container elementor-column-gap-default\">\n\t\t\t\t\t<div class=\"elementor-column elementor-col-50 elementor-top-column elementor-element elementor-element-aae3f4e\" data-id=\"aae3f4e\" data-element_type=\"column\">\n\t\t\t<div class=\"elementor-widget-wrap elementor-element-populated\">\n\t\t\t\t\t\t<div class=\"elementor-element elementor-element-ac96b5e elementor-widget elementor-widget-image\" data-id=\"ac96b5e\" data-element_type=\"widget\" data-widget_type=\"image.default\">\n\t\t\t\t<div class=\"elementor-widget-container\">\n\t\t\t\t\t\t\t\t\t\t\t\t\t\t\t<img fetchpriority=\"high\" decoding=\"async\" width=\"700\" height=\"278\" src=\"https:\/\/portal.casla.org\/cepial\/wp-content\/uploads\/2021\/08\/1cepial-1024x406.jpg\" class=\"attachment-large size-large wp-image-870\" alt=\"\" srcset=\"https:\/\/portal.casla.org\/cepial\/wp-content\/uploads\/2021\/08\/1cepial-1024x406.jpg 1024w, https:\/\/portal.casla.org\/cepial\/wp-content\/uploads\/2021\/08\/1cepial-300x119.jpg 300w, https:\/\/portal.casla.org\/cepial\/wp-content\/uploads\/2021\/08\/1cepial-768x305.jpg 768w, https:\/\/portal.casla.org\/cepial\/wp-content\/uploads\/2021\/08\/1cepial.jpg 1227w\" sizes=\"(max-width: 700px) 100vw, 700px\" \/>\t\t\t\t\t\t\t\t\t\t\t\t\t\t\t<\/div>\n\t\t\t\t<\/div>\n\t\t\t\t\t<\/div>\n\t\t<\/div>\n\t\t\t\t<div class=\"elementor-column elementor-col-50 elementor-top-column elementor-element elementor-element-0b7ae44\" data-id=\"0b7ae44\" data-element_type=\"column\">\n\t\t\t<div class=\"elementor-widget-wrap elementor-element-populated\">\n\t\t\t\t\t\t<div class=\"elementor-element elementor-element-fc248ea elementor-widget elementor-widget-heading\" data-id=\"fc248ea\" data-element_type=\"widget\" data-widget_type=\"heading.default\">\n\t\t\t\t<div class=\"elementor-widget-container\">\n\t\t\t\t\t<h2 class=\"elementor-heading-title elementor-size-default\">CEPIAL<br>1\u00ba Edi\u00e7\u00e3o<br>Mal.Candido Rondon - PR<br>26\/08\/1992 a 29\/08\/1992<\/h2>\t\t\t\t<\/div>\n\t\t\t\t<\/div>\n\t\t\t\t<div class=\"elementor-element elementor-element-8436924 elementor-widget elementor-widget-text-editor\" data-id=\"8436924\" data-element_type=\"widget\" data-widget_type=\"text-editor.default\">\n\t\t\t\t<div class=\"elementor-widget-container\">\n\t\t\t\t\t\t\t\t\t<p>Local: Unioeste &#8211; Facimar e Parque de Exposi\u00e7\u00e3o de Marechal C\u00e2ndido Rondon<\/p>\t\t\t\t\t\t\t\t<\/div>\n\t\t\t\t<\/div>\n\t\t\t\t<div class=\"elementor-element elementor-element-cfbdf96 elementor-align-center elementor-widget elementor-widget-button\" data-id=\"cfbdf96\" data-element_type=\"widget\" data-widget_type=\"button.default\">\n\t\t\t\t<div class=\"elementor-widget-container\">\n\t\t\t\t\t\t\t\t\t<div class=\"elementor-button-wrapper\">\n\t\t\t\t\t<a class=\"elementor-button elementor-button-link elementor-size-sm\" href=\"https:\/\/portal.casla.org\/cepial\/wp-content\/uploads\/2021\/08\/I-CEPIAL-Mal.-Candido-Rondon-1992.pdf\">\n\t\t\t\t\t\t<span class=\"elementor-button-content-wrapper\">\n\t\t\t\t\t\t\t\t\t<span class=\"elementor-button-text\">Programa\u00e7\u00e3o<\/span>\n\t\t\t\t\t<\/span>\n\t\t\t\t\t<\/a>\n\t\t\t\t<\/div>\n\t\t\t\t\t\t\t\t<\/div>\n\t\t\t\t<\/div>\n\t\t\t\t<div class=\"elementor-element elementor-element-103aff9 elementor-align-center elementor-widget elementor-widget-button\" data-id=\"103aff9\" data-element_type=\"widget\" data-widget_type=\"button.default\">\n\t\t\t\t<div class=\"elementor-widget-container\">\n\t\t\t\t\t\t\t\t\t<div class=\"elementor-button-wrapper\">\n\t\t\t\t\t<a class=\"elementor-button elementor-button-link elementor-size-sm\" href=\"https:\/\/portal.casla.org\/cepial\/wp-content\/uploads\/2021\/08\/Carta-do-I-CEPIAL-em-Mal.-Candido-Rondon-PR-29agosto1992.pdf\">\n\t\t\t\t\t\t<span class=\"elementor-button-content-wrapper\">\n\t\t\t\t\t\t\t\t\t<span class=\"elementor-button-text\">Carta do I CEPIAL<\/span>\n\t\t\t\t\t<\/span>\n\t\t\t\t\t<\/a>\n\t\t\t\t<\/div>\n\t\t\t\t\t\t\t\t<\/div>\n\t\t\t\t<\/div>\n\t\t\t\t\t<\/div>\n\t\t<\/div>\n\t\t\t\t\t<\/div>\n\t\t<\/section>\n\t\t\t\t<section class=\"elementor-section elementor-top-section elementor-element elementor-element-e143973 elementor-section-boxed elementor-section-height-default elementor-section-height-default\" data-id=\"e143973\" data-element_type=\"section\">\n\t\t\t\t\t\t<div class=\"elementor-container elementor-column-gap-default\">\n\t\t\t\t\t<div class=\"elementor-column elementor-col-50 elementor-top-column elementor-element elementor-element-f3fe345\" data-id=\"f3fe345\" data-element_type=\"column\">\n\t\t\t<div class=\"elementor-widget-wrap elementor-element-populated\">\n\t\t\t\t\t\t<div class=\"elementor-element elementor-element-c1f7c9a elementor-widget elementor-widget-image\" data-id=\"c1f7c9a\" data-element_type=\"widget\" data-widget_type=\"image.default\">\n\t\t\t\t<div class=\"elementor-widget-container\">\n\t\t\t\t\t\t\t\t\t\t\t\t\t\t\t<img decoding=\"async\" width=\"674\" height=\"347\" src=\"https:\/\/portal.casla.org\/cepial\/wp-content\/uploads\/2021\/08\/2cepial.jpg\" class=\"attachment-large size-large wp-image-892\" alt=\"\" srcset=\"https:\/\/portal.casla.org\/cepial\/wp-content\/uploads\/2021\/08\/2cepial.jpg 674w, https:\/\/portal.casla.org\/cepial\/wp-content\/uploads\/2021\/08\/2cepial-300x154.jpg 300w\" sizes=\"(max-width: 674px) 100vw, 674px\" \/>\t\t\t\t\t\t\t\t\t\t\t\t\t\t\t<\/div>\n\t\t\t\t<\/div>\n\t\t\t\t\t<\/div>\n\t\t<\/div>\n\t\t\t\t<div class=\"elementor-column elementor-col-50 elementor-top-column elementor-element elementor-element-6e1ae4b\" data-id=\"6e1ae4b\" data-element_type=\"column\">\n\t\t\t<div class=\"elementor-widget-wrap elementor-element-populated\">\n\t\t\t\t\t\t<div class=\"elementor-element elementor-element-02b3795 elementor-widget elementor-widget-heading\" data-id=\"02b3795\" data-element_type=\"widget\" data-widget_type=\"heading.default\">\n\t\t\t\t<div class=\"elementor-widget-container\">\n\t\t\t\t\t<h2 class=\"elementor-heading-title elementor-size-default\">CEPIAL<br><span style=\"font-family: var( --e-global-typography-primary-font-family ), Sans-serif;font-size: 28px;font-style: normal;font-weight: var( --e-global-typography-primary-font-weight )\">2\u00ba Edi\u00e7\u00e3o<\/span><br>Maring\u00e1 - PR<br>1994<\/h2>\t\t\t\t<\/div>\n\t\t\t\t<\/div>\n\t\t\t\t<div class=\"elementor-element elementor-element-12b12af elementor-widget elementor-widget-text-editor\" data-id=\"12b12af\" data-element_type=\"widget\" data-widget_type=\"text-editor.default\">\n\t\t\t\t<div class=\"elementor-widget-container\">\n\t\t\t\t\t\t\t\t\t<p>Local: UEM &#8211; Universidade Estadual de Maring\u00e1<\/p>\t\t\t\t\t\t\t\t<\/div>\n\t\t\t\t<\/div>\n\t\t\t\t<div class=\"elementor-element elementor-element-7e2754d elementor-align-center elementor-widget elementor-widget-button\" data-id=\"7e2754d\" data-element_type=\"widget\" data-widget_type=\"button.default\">\n\t\t\t\t<div class=\"elementor-widget-container\">\n\t\t\t\t\t\t\t\t\t<div class=\"elementor-button-wrapper\">\n\t\t\t\t\t<a class=\"elementor-button elementor-button-link elementor-size-sm\" href=\"https:\/\/portal.casla.org\/cepial\/wp-content\/uploads\/2021\/08\/Palestra-abertura-II-CEPIAL-Integracao-latino-americana-Maringa-1994.pdf\">\n\t\t\t\t\t\t<span class=\"elementor-button-content-wrapper\">\n\t\t\t\t\t\t\t\t\t<span class=\"elementor-button-text\">Palestra de Abertura<\/span>\n\t\t\t\t\t<\/span>\n\t\t\t\t\t<\/a>\n\t\t\t\t<\/div>\n\t\t\t\t\t\t\t\t<\/div>\n\t\t\t\t<\/div>\n\t\t\t\t<div class=\"elementor-element elementor-element-9b2db1e elementor-align-center elementor-widget elementor-widget-button\" data-id=\"9b2db1e\" data-element_type=\"widget\" data-widget_type=\"button.default\">\n\t\t\t\t<div class=\"elementor-widget-container\">\n\t\t\t\t\t\t\t\t\t<div class=\"elementor-button-wrapper\">\n\t\t\t\t\t<a class=\"elementor-button elementor-button-link elementor-size-sm\" href=\"https:\/\/portal.casla.org\/cepial\/anteriores\/1994\/Anais%20do%20II%20CEPIAL%20-%20CASLA-UEM%201994.pdf\">\n\t\t\t\t\t\t<span class=\"elementor-button-content-wrapper\">\n\t\t\t\t\t\t\t\t\t<span class=\"elementor-button-text\">Anais<\/span>\n\t\t\t\t\t<\/span>\n\t\t\t\t\t<\/a>\n\t\t\t\t<\/div>\n\t\t\t\t\t\t\t\t<\/div>\n\t\t\t\t<\/div>\n\t\t\t\t\t<\/div>\n\t\t<\/div>\n\t\t\t\t\t<\/div>\n\t\t<\/section>\n\t\t\t\t<section class=\"elementor-section elementor-top-section elementor-element elementor-element-ca9e3d0 elementor-section-boxed elementor-section-height-default elementor-section-height-default\" data-id=\"ca9e3d0\" data-element_type=\"section\">\n\t\t\t\t\t\t<div class=\"elementor-container elementor-column-gap-default\">\n\t\t\t\t\t<div class=\"elementor-column elementor-col-50 elementor-top-column elementor-element elementor-element-a545644\" data-id=\"a545644\" data-element_type=\"column\">\n\t\t\t<div class=\"elementor-widget-wrap elementor-element-populated\">\n\t\t\t\t\t\t<div class=\"elementor-element elementor-element-6989360 elementor-widget elementor-widget-image\" data-id=\"6989360\" data-element_type=\"widget\" data-widget_type=\"image.default\">\n\t\t\t\t<div class=\"elementor-widget-container\">\n\t\t\t\t\t\t\t\t\t\t\t\t\t\t\t<img decoding=\"async\" width=\"700\" height=\"732\" src=\"https:\/\/portal.casla.org\/cepial\/wp-content\/uploads\/2021\/08\/3cepialcapa.jpg\" class=\"attachment-large size-large wp-image-904\" alt=\"\" srcset=\"https:\/\/portal.casla.org\/cepial\/wp-content\/uploads\/2021\/08\/3cepialcapa.jpg 800w, https:\/\/portal.casla.org\/cepial\/wp-content\/uploads\/2021\/08\/3cepialcapa-287x300.jpg 287w, https:\/\/portal.casla.org\/cepial\/wp-content\/uploads\/2021\/08\/3cepialcapa-768x803.jpg 768w\" sizes=\"(max-width: 700px) 100vw, 700px\" \/>\t\t\t\t\t\t\t\t\t\t\t\t\t\t\t<\/div>\n\t\t\t\t<\/div>\n\t\t\t\t\t<\/div>\n\t\t<\/div>\n\t\t\t\t<div class=\"elementor-column elementor-col-50 elementor-top-column elementor-element elementor-element-599e152\" data-id=\"599e152\" data-element_type=\"column\">\n\t\t\t<div class=\"elementor-widget-wrap elementor-element-populated\">\n\t\t\t\t\t\t<div class=\"elementor-element elementor-element-4d3f4ef elementor-widget elementor-widget-heading\" data-id=\"4d3f4ef\" data-element_type=\"widget\" data-widget_type=\"heading.default\">\n\t\t\t\t<div class=\"elementor-widget-container\">\n\t\t\t\t\t<h2 class=\"elementor-heading-title elementor-size-default\">CEPIAL<br>3\u00ba Edi\u00e7\u00e3o<br>Curitiba - PR<br>15 a 20 de julho de 2012<\/h2>\t\t\t\t<\/div>\n\t\t\t\t<\/div>\n\t\t\t\t<div class=\"elementor-element elementor-element-38df885 elementor-widget elementor-widget-text-editor\" data-id=\"38df885\" data-element_type=\"widget\" data-widget_type=\"text-editor.default\">\n\t\t\t\t<div class=\"elementor-widget-container\">\n\t\t\t\t\t\t\t\t\t<p>Local: UFPR &#8211; Universidade Federal do Paran\u00e1<\/p>\t\t\t\t\t\t\t\t<\/div>\n\t\t\t\t<\/div>\n\t\t\t\t<div class=\"elementor-element elementor-element-bf27898 elementor-align-center elementor-widget elementor-widget-button\" data-id=\"bf27898\" data-element_type=\"widget\" data-widget_type=\"button.default\">\n\t\t\t\t<div class=\"elementor-widget-container\">\n\t\t\t\t\t\t\t\t\t<div class=\"elementor-button-wrapper\">\n\t\t\t\t\t<a class=\"elementor-button elementor-button-link elementor-size-sm\" href=\"https:\/\/portal.casla.org\/cepial\/anteriores\/2012\/index.html\">\n\t\t\t\t\t\t<span class=\"elementor-button-content-wrapper\">\n\t\t\t\t\t\t\t\t\t<span class=\"elementor-button-text\">Anais<\/span>\n\t\t\t\t\t<\/span>\n\t\t\t\t\t<\/a>\n\t\t\t\t<\/div>\n\t\t\t\t\t\t\t\t<\/div>\n\t\t\t\t<\/div>\n\t\t\t\t\t<\/div>\n\t\t<\/div>\n\t\t\t\t\t<\/div>\n\t\t<\/section>\n\t\t\t\t<section class=\"elementor-section elementor-top-section elementor-element elementor-element-a40392f elementor-section-boxed elementor-section-height-default elementor-section-height-default\" data-id=\"a40392f\" data-element_type=\"section\">\n\t\t\t\t\t\t<div class=\"elementor-container elementor-column-gap-default\">\n\t\t\t\t\t<div class=\"elementor-column elementor-col-50 elementor-top-column elementor-element elementor-element-00ca3af\" data-id=\"00ca3af\" data-element_type=\"column\">\n\t\t\t<div class=\"elementor-widget-wrap elementor-element-populated\">\n\t\t\t\t\t\t<div class=\"elementor-element elementor-element-083554b elementor-widget elementor-widget-image\" data-id=\"083554b\" data-element_type=\"widget\" data-widget_type=\"image.default\">\n\t\t\t\t<div class=\"elementor-widget-container\">\n\t\t\t\t\t\t\t\t\t\t\t\t\t\t\t<img loading=\"lazy\" decoding=\"async\" width=\"303\" height=\"440\" src=\"https:\/\/portal.casla.org\/cepial\/wp-content\/uploads\/2021\/08\/4cepial_chile.jpg\" class=\"attachment-large size-large wp-image-908\" alt=\"\" srcset=\"https:\/\/portal.casla.org\/cepial\/wp-content\/uploads\/2021\/08\/4cepial_chile.jpg 303w, https:\/\/portal.casla.org\/cepial\/wp-content\/uploads\/2021\/08\/4cepial_chile-207x300.jpg 207w\" sizes=\"(max-width: 303px) 100vw, 303px\" \/>\t\t\t\t\t\t\t\t\t\t\t\t\t\t\t<\/div>\n\t\t\t\t<\/div>\n\t\t\t\t\t<\/div>\n\t\t<\/div>\n\t\t\t\t<div class=\"elementor-column elementor-col-50 elementor-top-column elementor-element elementor-element-cf0441e\" data-id=\"cf0441e\" data-element_type=\"column\">\n\t\t\t<div class=\"elementor-widget-wrap elementor-element-populated\">\n\t\t\t\t\t\t<div class=\"elementor-element elementor-element-9c1a8eb elementor-widget elementor-widget-heading\" data-id=\"9c1a8eb\" data-element_type=\"widget\" data-widget_type=\"heading.default\">\n\t\t\t\t<div class=\"elementor-widget-container\">\n\t\t\t\t\t<h2 class=\"elementor-heading-title elementor-size-default\">CEPIAL<br><span style=\"font-family: var( --e-global-typography-primary-font-family ), Sans-serif;font-size: 28px;font-style: normal;font-weight: var( --e-global-typography-primary-font-weight )\">4\u00ba Edi\u00e7\u00e3o<\/span><br>Osorno - Puerto Montt - Castro, Chile<br>19 a 23 de janeiro de 2015<\/h2>\t\t\t\t<\/div>\n\t\t\t\t<\/div>\n\t\t\t\t<div class=\"elementor-element elementor-element-6d08727 elementor-widget elementor-widget-text-editor\" data-id=\"6d08727\" data-element_type=\"widget\" data-widget_type=\"text-editor.default\">\n\t\t\t\t<div class=\"elementor-widget-container\">\n\t\t\t\t\t\t\t\t\t<p>Local: Universidad de Los Lagos<br \/>Osorno &#8211; Puerto Montt &#8211; Castro, Chile<\/p>\t\t\t\t\t\t\t\t<\/div>\n\t\t\t\t<\/div>\n\t\t\t\t<div class=\"elementor-element elementor-element-9654b0c elementor-align-center elementor-widget elementor-widget-button\" data-id=\"9654b0c\" data-element_type=\"widget\" data-widget_type=\"button.default\">\n\t\t\t\t<div class=\"elementor-widget-container\">\n\t\t\t\t\t\t\t\t\t<div class=\"elementor-button-wrapper\">\n\t\t\t\t\t<a class=\"elementor-button elementor-button-link elementor-size-sm\" href=\"https:\/\/portal.casla.org\/cepial\/wp-content\/uploads\/2021\/08\/SEGUNDA-CONVOCATORIA-CONGRESO_CEPIAL-IV.pdf\">\n\t\t\t\t\t\t<span class=\"elementor-button-content-wrapper\">\n\t\t\t\t\t\t\t\t\t<span class=\"elementor-button-text\">Convocat\u00f3ria<\/span>\n\t\t\t\t\t<\/span>\n\t\t\t\t\t<\/a>\n\t\t\t\t<\/div>\n\t\t\t\t\t\t\t\t<\/div>\n\t\t\t\t<\/div>\n\t\t\t\t\t<\/div>\n\t\t<\/div>\n\t\t\t\t\t<\/div>\n\t\t<\/section>\n\t\t\t\t<section class=\"elementor-section elementor-top-section elementor-element elementor-element-a56c32e elementor-section-boxed elementor-section-height-default elementor-section-height-default\" data-id=\"a56c32e\" data-element_type=\"section\">\n\t\t\t\t\t\t<div class=\"elementor-container elementor-column-gap-default\">\n\t\t\t\t\t<div class=\"elementor-column elementor-col-50 elementor-top-column elementor-element elementor-element-8857d0b\" data-id=\"8857d0b\" data-element_type=\"column\">\n\t\t\t<div class=\"elementor-widget-wrap elementor-element-populated\">\n\t\t\t\t\t\t<div class=\"elementor-element elementor-element-62a8ca9 elementor-widget elementor-widget-image\" data-id=\"62a8ca9\" data-element_type=\"widget\" data-widget_type=\"image.default\">\n\t\t\t\t<div class=\"elementor-widget-container\">\n\t\t\t\t\t\t\t\t\t\t\t\t\t\t\t<img loading=\"lazy\" decoding=\"async\" width=\"700\" height=\"475\" src=\"https:\/\/portal.casla.org\/cepial\/wp-content\/uploads\/2021\/08\/5cepial.jpeg\" class=\"attachment-large size-large wp-image-924\" alt=\"\" srcset=\"https:\/\/portal.casla.org\/cepial\/wp-content\/uploads\/2021\/08\/5cepial.jpeg 984w, https:\/\/portal.casla.org\/cepial\/wp-content\/uploads\/2021\/08\/5cepial-300x204.jpeg 300w, https:\/\/portal.casla.org\/cepial\/wp-content\/uploads\/2021\/08\/5cepial-768x521.jpeg 768w\" sizes=\"(max-width: 700px) 100vw, 700px\" \/>\t\t\t\t\t\t\t\t\t\t\t\t\t\t\t<\/div>\n\t\t\t\t<\/div>\n\t\t\t\t\t<\/div>\n\t\t<\/div>\n\t\t\t\t<div class=\"elementor-column elementor-col-50 elementor-top-column elementor-element elementor-element-52a7e57\" data-id=\"52a7e57\" data-element_type=\"column\">\n\t\t\t<div class=\"elementor-widget-wrap elementor-element-populated\">\n\t\t\t\t\t\t<div class=\"elementor-element elementor-element-2d22003 elementor-widget elementor-widget-heading\" data-id=\"2d22003\" data-element_type=\"widget\" data-widget_type=\"heading.default\">\n\t\t\t\t<div class=\"elementor-widget-container\">\n\t\t\t\t\t<h2 class=\"elementor-heading-title elementor-size-default\">CEPIAL<br><span style=\"font-family: var( --e-global-typography-primary-font-family ), Sans-serif;font-size: 28px;font-style: normal;font-weight: var( --e-global-typography-primary-font-weight )\">5\u00ba Edi\u00e7\u00e3o<\/span><br>Pasto - Col\u00f4mbia<br>12 a 23 de junho de 2017<\/h2>\t\t\t\t<\/div>\n\t\t\t\t<\/div>\n\t\t\t\t<div class=\"elementor-element elementor-element-aa5c87a elementor-widget elementor-widget-text-editor\" data-id=\"aa5c87a\" data-element_type=\"widget\" data-widget_type=\"text-editor.default\">\n\t\t\t\t<div class=\"elementor-widget-container\">\n\t\t\t\t\t\t\t\t\t<p>Local: Ausitorio Luis Santander &#8211; Universidad de Nari\u00f1o y Teatro Imperial &#8211; Pasto, Col\u00f4mbia<\/p>\t\t\t\t\t\t\t\t<\/div>\n\t\t\t\t<\/div>\n\t\t\t\t<div class=\"elementor-element elementor-element-0b747f1 elementor-align-center elementor-widget elementor-widget-button\" data-id=\"0b747f1\" data-element_type=\"widget\" data-widget_type=\"button.default\">\n\t\t\t\t<div class=\"elementor-widget-container\">\n\t\t\t\t\t\t\t\t\t<div class=\"elementor-button-wrapper\">\n\t\t\t\t\t<a class=\"elementor-button elementor-button-link elementor-size-sm\" href=\"https:\/\/portal.casla.org\/cepial\/anteriores\/2017\/Minga%20para%20el%20buen%20vivir(Clacso).pdf\">\n\t\t\t\t\t\t<span class=\"elementor-button-content-wrapper\">\n\t\t\t\t\t\t\t\t\t<span class=\"elementor-button-text\">Anais<\/span>\n\t\t\t\t\t<\/span>\n\t\t\t\t\t<\/a>\n\t\t\t\t<\/div>\n\t\t\t\t\t\t\t\t<\/div>\n\t\t\t\t<\/div>\n\t\t\t\t\t<\/div>\n\t\t<\/div>\n\t\t\t\t\t<\/div>\n\t\t<\/section>\n\t\t\t\t<section class=\"elementor-section elementor-top-section elementor-element elementor-element-243bd10 elementor-section-boxed elementor-section-height-default elementor-section-height-default\" data-id=\"243bd10\" data-element_type=\"section\">\n\t\t\t\t\t\t<div class=\"elementor-container elementor-column-gap-default\">\n\t\t\t\t\t<div class=\"elementor-column elementor-col-50 elementor-top-column elementor-element elementor-element-f992cb2\" data-id=\"f992cb2\" data-element_type=\"column\">\n\t\t\t<div class=\"elementor-widget-wrap elementor-element-populated\">\n\t\t\t\t\t\t<div class=\"elementor-element elementor-element-4b68952 elementor-widget elementor-widget-image\" data-id=\"4b68952\" data-element_type=\"widget\" data-widget_type=\"image.default\">\n\t\t\t\t<div class=\"elementor-widget-container\">\n\t\t\t\t\t\t\t\t\t\t\t\t\t\t\t<img loading=\"lazy\" decoding=\"async\" width=\"655\" height=\"1024\" src=\"https:\/\/portal.casla.org\/cepial\/wp-content\/uploads\/2021\/08\/CAPAcepial5-655x1024.jpg\" class=\"attachment-large size-large wp-image-929\" alt=\"\" srcset=\"https:\/\/portal.casla.org\/cepial\/wp-content\/uploads\/2021\/08\/CAPAcepial5-655x1024.jpg 655w, https:\/\/portal.casla.org\/cepial\/wp-content\/uploads\/2021\/08\/CAPAcepial5-192x300.jpg 192w, https:\/\/portal.casla.org\/cepial\/wp-content\/uploads\/2021\/08\/CAPAcepial5-768x1200.jpg 768w, https:\/\/portal.casla.org\/cepial\/wp-content\/uploads\/2021\/08\/CAPAcepial5.jpg 819w\" sizes=\"(max-width: 655px) 100vw, 655px\" \/>\t\t\t\t\t\t\t\t\t\t\t\t\t\t\t<\/div>\n\t\t\t\t<\/div>\n\t\t\t\t\t<\/div>\n\t\t<\/div>\n\t\t\t\t<div class=\"elementor-column elementor-col-50 elementor-top-column elementor-element elementor-element-f2344a8\" data-id=\"f2344a8\" data-element_type=\"column\">\n\t\t\t<div class=\"elementor-widget-wrap elementor-element-populated\">\n\t\t\t\t\t\t<div class=\"elementor-element elementor-element-50b569d elementor-widget elementor-widget-heading\" data-id=\"50b569d\" data-element_type=\"widget\" data-widget_type=\"heading.default\">\n\t\t\t\t<div class=\"elementor-widget-container\">\n\t\t\t\t\t<h2 class=\"elementor-heading-title elementor-size-default\">CEPIAL<br>6\u00ba Edi\u00e7\u00e3o<br>Online - Brasil<br>25 a 28 de novembro de 2021<\/h2>\t\t\t\t<\/div>\n\t\t\t\t<\/div>\n\t\t\t\t<div class=\"elementor-element elementor-element-51bc4cc elementor-align-center elementor-widget elementor-widget-button\" data-id=\"51bc4cc\" data-element_type=\"widget\" data-widget_type=\"button.default\">\n\t\t\t\t<div class=\"elementor-widget-container\">\n\t\t\t\t\t\t\t\t\t<div class=\"elementor-button-wrapper\">\n\t\t\t\t\t<a class=\"elementor-button elementor-button-link elementor-size-sm\" href=\"https:\/\/portal.casla.org\/cepial\/anais2021\/\">\n\t\t\t\t\t\t<span class=\"elementor-button-content-wrapper\">\n\t\t\t\t\t\t\t\t\t<span class=\"elementor-button-text\">Anais<\/span>\n\t\t\t\t\t<\/span>\n\t\t\t\t\t<\/a>\n\t\t\t\t<\/div>\n\t\t\t\t\t\t\t\t<\/div>\n\t\t\t\t<\/div>\n\t\t\t\t\t<\/div>\n\t\t<\/div>\n\t\t\t\t\t<\/div>\n\t\t<\/section>\n\t\t\t\t<section class=\"elementor-section elementor-top-section elementor-element elementor-element-248e300 elementor-section-boxed elementor-section-height-default elementor-section-height-default\" data-id=\"248e300\" data-element_type=\"section\">\n\t\t\t\t\t\t<div class=\"elementor-container elementor-column-gap-default\">\n\t\t\t\t\t<div class=\"elementor-column elementor-col-100 elementor-top-column elementor-element elementor-element-bf22a73\" data-id=\"bf22a73\" data-element_type=\"column\">\n\t\t\t<div class=\"elementor-widget-wrap\">\n\t\t\t\t\t\t\t<\/div>\n\t\t<\/div>\n\t\t\t\t\t<\/div>\n\t\t<\/section>\n\t\t\t\t<\/div>\n\t\t","protected":false},"excerpt":{"rendered":"<p>CEPIAL1\u00ba Edi\u00e7\u00e3oMal.Candido Rondon &#8211; PR26\/08\/1992 a 29\/08\/1992 Local: Unioeste &#8211; Facimar e Parque de Exposi\u00e7\u00e3o de Marechal C\u00e2ndido Rondon Programa\u00e7\u00e3o Carta do I CEPIAL CEPIAL2\u00ba Edi\u00e7\u00e3oMaring\u00e1 &#8211; PR1994 Local: UEM &#8211; Universidade Estadual de Maring\u00e1 Palestra de Abertura Anais CEPIAL3\u00ba&hellip; <\/p>\n","protected":false},"author":1,"featured_media":0,"parent":0,"menu_order":0,"comment_status":"closed","ping_status":"closed","template":"","meta":{"footnotes":""},"class_list":["post-841","page","type-page","status-publish","hentry"],"_links":{"self":[{"href":"https:\/\/portal.casla.org\/cepial\/wp-json\/wp\/v2\/pages\/841","targetHints":{"allow":["GET"]}}],"collection":[{"href":"https:\/\/portal.casla.org\/cepial\/wp-json\/wp\/v2\/pages"}],"about":[{"href":"https:\/\/portal.casla.org\/cepial\/wp-json\/wp\/v2\/types\/page"}],"author":[{"embeddable":true,"href":"https:\/\/portal.casla.org\/cepial\/wp-json\/wp\/v2\/users\/1"}],"replies":[{"embeddable":true,"href":"https:\/\/portal.casla.org\/cepial\/wp-json\/wp\/v2\/comments?post=841"}],"version-history":[{"count":61,"href":"https:\/\/portal.casla.org\/cepial\/wp-json\/wp\/v2\/pages\/841\/revisions"}],"predecessor-version":[{"id":1491,"href":"https:\/\/portal.casla.org\/cepial\/wp-json\/wp\/v2\/pages\/841\/revisions\/1491"}],"wp:attachment":[{"href":"https:\/\/portal.casla.org\/cepial\/wp-json\/wp\/v2\/media?parent=841"}],"curies":[{"name":"wp","href":"https:\/\/api.w.org\/{rel}","templated":true}]}}