{"id":93,"date":"2021-02-26T10:10:48","date_gmt":"2021-02-26T13:10:48","guid":{"rendered":"https:\/\/portal.casla.org\/cepial\/?page_id=93"},"modified":"2021-11-28T14:25:37","modified_gmt":"2021-11-28T17:25:37","slug":"livros","status":"publish","type":"page","link":"https:\/\/portal.casla.org\/cepial\/livros\/","title":{"rendered":"Lan\u00e7amento de Livros"},"content":{"rendered":"<p>VI CEPIAL &#8211; LAN\u00c7AMENTO DE LIVRO &#8220;DIREITO \u00c0 CULTURA NO S\u00c9CULO XXI&#8221;, NO EVENTO, Autora:B\u00e1rbara Kruse<\/p>\n<p><iframe width=\"560\" height=\"315\" src=\"https:\/\/www.youtube.com\/embed\/1JYzuquBbM0\" title=\"YouTube video player\" frameborder=\"0\" allow=\"accelerometer; autoplay; clipboard-write; encrypted-media; gyroscope; picture-in-picture\" allowfullscreen><\/iframe><\/p>\n<blockquote><p>Conhe\u00e7a alguns de nossos produtos e publica\u00e7\u00f5es.<\/p>\n<p><a href=\"https:\/\/casla.org\/produtos\/\">Galeria de Produtos CASLA<\/a><\/p><\/blockquote>\n<p>&nbsp;<\/p>\n","protected":false},"excerpt":{"rendered":"<p>VI CEPIAL &#8211; LAN\u00c7AMENTO DE LIVRO &#8220;DIREITO \u00c0 CULTURA NO S\u00c9CULO XXI&#8221;, NO EVENTO, Autora:B\u00e1rbara Kruse Conhe\u00e7a alguns de nossos produtos e publica\u00e7\u00f5es. Galeria de Produtos CASLA &nbsp;<\/p>\n","protected":false},"author":1,"featured_media":0,"parent":0,"menu_order":0,"comment_status":"closed","ping_status":"closed","template":"","meta":{"footnotes":""},"class_list":["post-93","page","type-page","status-publish","hentry"],"_links":{"self":[{"href":"https:\/\/portal.casla.org\/cepial\/wp-json\/wp\/v2\/pages\/93","targetHints":{"allow":["GET"]}}],"collection":[{"href":"https:\/\/portal.casla.org\/cepial\/wp-json\/wp\/v2\/pages"}],"about":[{"href":"https:\/\/portal.casla.org\/cepial\/wp-json\/wp\/v2\/types\/page"}],"author":[{"embeddable":true,"href":"https:\/\/portal.casla.org\/cepial\/wp-json\/wp\/v2\/users\/1"}],"replies":[{"embeddable":true,"href":"https:\/\/portal.casla.org\/cepial\/wp-json\/wp\/v2\/comments?post=93"}],"version-history":[{"count":6,"href":"https:\/\/portal.casla.org\/cepial\/wp-json\/wp\/v2\/pages\/93\/revisions"}],"predecessor-version":[{"id":1435,"href":"https:\/\/portal.casla.org\/cepial\/wp-json\/wp\/v2\/pages\/93\/revisions\/1435"}],"wp:attachment":[{"href":"https:\/\/portal.casla.org\/cepial\/wp-json\/wp\/v2\/media?parent=93"}],"curies":[{"name":"wp","href":"https:\/\/api.w.org\/{rel}","templated":true}]}}