{"id":937,"date":"2021-08-31T08:01:26","date_gmt":"2021-08-31T11:01:26","guid":{"rendered":"https:\/\/portal.casla.org\/cepial\/?page_id=937"},"modified":"2021-08-31T08:05:15","modified_gmt":"2021-08-31T11:05:15","slug":"expediente","status":"publish","type":"page","link":"https:\/\/portal.casla.org\/cepial\/expediente\/","title":{"rendered":"Expediente"},"content":{"rendered":"<p><strong>Coordena\u00e7\u00e3o Acad\u00eamica<\/strong><\/p>\n<ul>\n<li>Dimas Floriani<\/li>\n<li>Nicolas Floriani<\/li>\n<\/ul>\n<p>&nbsp;<\/p>\n<p><strong>Corpo Editorial:<\/strong><\/p>\n<ul>\n<li>Yanina Micaela Sammarco<\/li>\n<li>Marcos Sorrentino<\/li>\n<li>Lucia Helena de Olivera Cunha<\/li>\n<li>Edson Belo Clemente de Souza<\/li>\n<li>Selma Baptista<\/li>\n<li>Manuel Flores Lesama<\/li>\n<li>Jefferson Henrique Cidreira<\/li>\n<li>Daniel Belik<\/li>\n<li>Adriana Francisca de Medeiros<\/li>\n<li>Geraldo Milioli<\/li>\n<li>Francisco Ther R\u00edos<\/li>\n<li>Ricardo Alvarez Abel<\/li>\n<li>Almir Nabozny<\/li>\n<li>Larissa Zuim Matar\u00e9sio<\/li>\n<li>Gustavo Concei\u00e7\u00e3o Barh<\/li>\n<li>Daniel Rubens Cenci<\/li>\n<li>Lorenzo Andrade Delgado<\/li>\n<li>Elisangela Ferreira Menezes<\/li>\n<li>Zulia Guimar\u00e3es Cova dos Santos<\/li>\n<li>Felipe Bueno Amaral<\/li>\n<li>Maximillian Ferreira Clarindo<\/li>\n<li>Jo\u00e3o Dremisky<\/li>\n<li>Ariadne Silvia De Farias<\/li>\n<li>Celbo Antonio da Fonseca Rosas<\/li>\n<li>Enrique Coraza de los Santos<\/li>\n<li>Reidy Rolim de Moura<\/li>\n<li>Nicolas Floriani<\/li>\n<li>Hellen Virginia da Silva Alves<\/li>\n<li>Lisanil da Concei\u00e7\u00e3o Patroc\u00ednio Pereira<\/li>\n<li>Taut\u00ea Frederico Oliveira<\/li>\n<li>Sandra Dalila Corbari<\/li>\n<li>Alfio Brandenburg<\/li>\n<li>Cleusi T. Bobato Stadler<\/li>\n<li>Suzanna Dourado da Silva<\/li>\n<li>Margarida Nepomuceno<\/li>\n<li>Telma Regina Stroparo<\/li>\n<li>Rosilene Lima Martins<\/li>\n<li>Joaquim Shiraishi Neto<\/li>\n<li>Luis Alegr\u00eda<\/li>\n<li>Islandia Bezerra<\/li>\n<\/ul>\n<p><strong>Nome e logradouro completo do autor corporativo\/editora respons\u00e1vel:<\/strong><\/p>\n<p>ESCOLA DE RELA\u00c7OES INTERNACIONAIS DO BRASIL LTDA \u2013 ERIBRASIL \u2013 \u00e9 uma Sociedade Empresarial Limitada, com enquadramento de microempresa, CNPJ 10.936.041\/0001-48 registrada em Junta Comercial de Curitiba, sob o n\u00famero 41206336547, com sede na rua dos Ip\u00eas, 180, Bairro Barreirinha, CEP 82.700-380 Curitiba, Paran\u00e1, fundada em 15 de outubro de 2008.<\/p>\n","protected":false},"excerpt":{"rendered":"<p>Coordena\u00e7\u00e3o Acad\u00eamica Dimas Floriani Nicolas Floriani &nbsp; Corpo Editorial: Yanina Micaela Sammarco Marcos Sorrentino Lucia Helena de Olivera Cunha Edson Belo Clemente de Souza Selma Baptista Manuel Flores Lesama Jefferson Henrique Cidreira Daniel Belik Adriana Francisca de Medeiros Geraldo Milioli&hellip; <\/p>\n","protected":false},"author":1,"featured_media":0,"parent":0,"menu_order":0,"comment_status":"closed","ping_status":"closed","template":"","meta":{"footnotes":""},"class_list":["post-937","page","type-page","status-publish","hentry"],"_links":{"self":[{"href":"https:\/\/portal.casla.org\/cepial\/wp-json\/wp\/v2\/pages\/937","targetHints":{"allow":["GET"]}}],"collection":[{"href":"https:\/\/portal.casla.org\/cepial\/wp-json\/wp\/v2\/pages"}],"about":[{"href":"https:\/\/portal.casla.org\/cepial\/wp-json\/wp\/v2\/types\/page"}],"author":[{"embeddable":true,"href":"https:\/\/portal.casla.org\/cepial\/wp-json\/wp\/v2\/users\/1"}],"replies":[{"embeddable":true,"href":"https:\/\/portal.casla.org\/cepial\/wp-json\/wp\/v2\/comments?post=937"}],"version-history":[{"count":5,"href":"https:\/\/portal.casla.org\/cepial\/wp-json\/wp\/v2\/pages\/937\/revisions"}],"predecessor-version":[{"id":944,"href":"https:\/\/portal.casla.org\/cepial\/wp-json\/wp\/v2\/pages\/937\/revisions\/944"}],"wp:attachment":[{"href":"https:\/\/portal.casla.org\/cepial\/wp-json\/wp\/v2\/media?parent=937"}],"curies":[{"name":"wp","href":"https:\/\/api.w.org\/{rel}","templated":true}]}}